{"id":19,"date":"2026-04-06T09:08:02","date_gmt":"2026-04-06T09:08:02","guid":{"rendered":"https:\/\/locomotivecoworking.fr\/?page_id=19"},"modified":"2026-04-14T20:37:08","modified_gmt":"2026-04-14T20:37:08","slug":"la-locomotive-coworking-pres-de-vannes","status":"publish","type":"page","link":"https:\/\/locomotivecoworking.fr\/","title":{"rendered":"La Locomotive &#8211; Coworking pr\u00e8s de Vannes"},"content":{"rendered":"<div class=\"et_pb_section_0 et_pb_section et_section_regular et_block_section\">\n<div class=\"et_pb_row_0 et_pb_row et_flex_row\">\n<div class=\"et_pb_column_0 et_pb_column et_flex_column et_pb_css_mix_blend_mode_passthrough et_flex_column_3_5 et_flex_column_3_5_tablet et_flex_column_24_24_phone\">\n<div class=\"et_pb_text_0 et_pb_text et_pb_bg_layout_light et_pb_module et_block_module preset--module--divi-text--e3b3089c-e99a-416c-ab36-b46abe066961\"><div class=\"et_pb_text_inner\"><h1><strong>La Locomotive<\/strong><\/h1>\n<h2>Location de bureaux<br \/>&amp; espace de coworking \u00e0 La Vraie Croix<\/h2>\n<\/div><\/div>\n\n<div class=\"et_pb_text_1 et_pb_text et_pb_bg_layout_light et_pb_module et_block_module preset--module--divi-text--e3b3089c-e99a-416c-ab36-b46abe066961\"><div class=\"et_pb_text_inner\"><p><span>Bienvenue \u00e0 La Locomotive, l'espace de travail pens\u00e9 pour les professionnels du Morbihan qui veulent travailler s\u00e9rieusement dans un contexte chaleureux. Situ\u00e9 \u00e0 La Vraie Croix (56250), au c\u0153ur du pays de Vannes, nous accueillons freelances, t\u00e9l\u00e9travailleurs et petites entreprises dans un cadre chaleureux, bien \u00e9quip\u00e9 et facile d'acc\u00e8s.<\/span><\/p>\n<\/div><\/div>\n\n<div class=\"et_pb_module et_pb_button_module_wrapper et_pb_button_0_wrapper preset--module--divi-button--e3b3089c-e99a-416c-ab36-b46abe066961_wrapper\"><a class=\"et_pb_button_0 et_pb_button et_pb_bg_layout_light et_pb_module et_block_module preset--module--divi-button--e3b3089c-e99a-416c-ab36-b46abe066961\" href=\"\">R\u00e9server<\/a><\/div>\n<\/div>\n\n<div class=\"et_pb_column_1 et_pb_column et-last-child et_flex_column et_pb_column_empty et_pb_css_mix_blend_mode_passthrough et_flex_column_2_5 et_flex_column_2_5_tablet et_flex_column_24_24_phone\"><\/div>\n<\/div>\n<\/div>\n\n<div class=\"et_pb_section_1 et_pb_section et_section_regular et_flex_section section_has_divider et_pb_top_divider\"><div class=\"et_pb_top_inside_divider et-no-transition\"><\/div>\n<div class=\"et_pb_row_1 et_pb_row et_flex_row\">\n<div class=\"et_pb_column_2 et_pb_column et-last-child et_flex_column et_pb_css_mix_blend_mode_passthrough et_flex_column_24_24 et_flex_column_24_24_tablet et_flex_column_24_24_phone\">\n<div class=\"et_pb_text_2 et_pb_text et_pb_bg_layout_light et_pb_module et_block_module preset--module--divi-text--e3b3089c-e99a-416c-ab36-b46abe066961\"><div class=\"et_pb_text_inner\"><h2 style=\"text-align: center;\"><strong>Un<\/strong> <strong>espace<\/strong>, <span style=\"color: #fec602;\"><br \/>trois fa\u00e7ons<\/span> de travailler<\/h2>\n<\/div><\/div>\n<\/div>\n<\/div>\n\n<div class=\"et_pb_row_2 et_pb_row et_pb_gutters2 et_block_row preset--module--divi-row--1558413a-cabc-43ae-aee1-915e11673859\">\n<div class=\"et_pb_column_3 et_pb_column et_pb_column_1_3 et_block_column et_pb_css_mix_blend_mode_passthrough\">\n<div class=\"et_pb_image_0 et_pb_image et_pb_has_overlay et_pb_module et_block_module preset--module--divi-image--e3b3089c-e99a-416c-ab36-b46abe066961\"><a href=\"#\"><span class=\"et_pb_image_wrap\"><img loading=\"lazy\" decoding=\"async\" src=\"https:\/\/locomotivecoworking.fr\/wp-content\/uploads\/2026\/04\/1-1.png\" title=\"3\" width=\"800\" height=\"500\" srcset=\"https:\/\/locomotivecoworking.fr\/wp-content\/uploads\/2026\/04\/1-1.png 800w, https:\/\/locomotivecoworking.fr\/wp-content\/uploads\/2026\/04\/1-1-480x300.png 480w\" sizes=\"(min-width: 0px) and (max-width: 480px) 480px, (min-width: 481px) 800px, 100vw\" class=\"wp-image-72\" \/><span class=\"et_overlay et_pb_inline_icon\" data-icon=\"$\"><\/span><\/span><\/a><\/div>\n\n<div class=\"et_pb_heading_0 et_pb_heading et_pb_module et_block_module preset--module--divi-heading--e3b3089c-e99a-416c-ab36-b46abe066961\"><div class=\"et_pb_heading_container\"><h3 class=\"et_pb_module_header\">Bureaux privatifs<\/h3><\/div><\/div>\n\n<div class=\"et_pb_text_3 et_pb_text et_pb_bg_layout_light et_pb_module et_block_module preset--module--divi-text--e3b3089c-e99a-416c-ab36-b46abe066961\"><div class=\"et_pb_text_inner\"><p><span>Vous cherchez un bureau \u00e0 louer en Morbihan sur la dur\u00e9e ? Nos espaces privatifs en forfait mensuel vous offrent une adresse professionnelle, la tranquillit\u00e9 d'un bureau \u00e0 vous, et la souplesse d'un contrat sans lourdeur administrative.<\/span><\/p>\n<\/div><\/div>\n\n<div class=\"et_pb_module et_pb_button_module_wrapper et_pb_button_1_wrapper preset--module--divi-button--e3b3089c-e99a-416c-ab36-b46abe066961_wrapper\"><a class=\"et_pb_button_1 et_pb_button et_pb_bg_layout_light et_pb_module et_block_module preset--module--divi-button--e3b3089c-e99a-416c-ab36-b46abe066961\" href=\"\">En savoir plus<\/a><\/div>\n<\/div>\n\n<div class=\"et_pb_column_4 et_pb_column et_pb_column_1_3 et_block_column et_pb_css_mix_blend_mode_passthrough\">\n<div class=\"et_pb_image_1 et_pb_image et_pb_has_overlay et_pb_module et_block_module preset--module--divi-image--e3b3089c-e99a-416c-ab36-b46abe066961\"><a href=\"#\"><span class=\"et_pb_image_wrap\"><img loading=\"lazy\" decoding=\"async\" src=\"https:\/\/locomotivecoworking.fr\/wp-content\/uploads\/2026\/04\/3.png\" title=\"3\" width=\"800\" height=\"500\" srcset=\"https:\/\/locomotivecoworking.fr\/wp-content\/uploads\/2026\/04\/3.png 800w, https:\/\/locomotivecoworking.fr\/wp-content\/uploads\/2026\/04\/3-480x300.png 480w\" sizes=\"(min-width: 0px) and (max-width: 480px) 480px, (min-width: 481px) 800px, 100vw\" class=\"wp-image-71\" \/><span class=\"et_overlay et_pb_inline_icon\" data-icon=\"$\"><\/span><\/span><\/a><\/div>\n\n<div class=\"et_pb_heading_1 et_pb_heading et_pb_module et_block_module preset--module--divi-heading--e3b3089c-e99a-416c-ab36-b46abe066961\"><div class=\"et_pb_heading_container\"><h3 class=\"et_pb_module_header\">Salle de r\u00e9union<\/h3><\/div><\/div>\n\n<div class=\"et_pb_text_4 et_pb_text et_pb_bg_layout_light et_pb_module et_block_module preset--module--divi-text--e3b3089c-e99a-416c-ab36-b46abe066961\"><div class=\"et_pb_text_inner\"><p><span>Organisez vos r\u00e9unions clients, entretiens ou ateliers dans notre salle \u00e9quip\u00e9e, disponible \u00e0 la demi-journ\u00e9e ou \u00e0 la journ\u00e9e. Vid\u00e9oprojecteur, tableau blanc, connexion rapide.<\/span><\/p>\n<\/div><\/div>\n\n<div class=\"et_pb_module et_pb_button_module_wrapper et_pb_button_2_wrapper preset--module--divi-button--e3b3089c-e99a-416c-ab36-b46abe066961_wrapper\"><a class=\"et_pb_button_2 et_pb_button et_pb_bg_layout_light et_pb_module et_block_module preset--module--divi-button--e3b3089c-e99a-416c-ab36-b46abe066961\" href=\"\">En savoir plus<\/a><\/div>\n<\/div>\n\n<div class=\"et_pb_column_5 et_pb_column et_pb_column_1_3 et-last-child et_block_column et_pb_css_mix_blend_mode_passthrough\">\n<div class=\"et_pb_image_2 et_pb_image et_pb_has_overlay et_pb_module et_block_module preset--module--divi-image--e3b3089c-e99a-416c-ab36-b46abe066961\"><a href=\"#\"><span class=\"et_pb_image_wrap\"><img loading=\"lazy\" decoding=\"async\" src=\"https:\/\/locomotivecoworking.fr\/wp-content\/uploads\/2026\/04\/2.png\" title=\"3\" width=\"800\" height=\"500\" srcset=\"https:\/\/locomotivecoworking.fr\/wp-content\/uploads\/2026\/04\/2.png 800w, https:\/\/locomotivecoworking.fr\/wp-content\/uploads\/2026\/04\/2-480x300.png 480w\" sizes=\"(min-width: 0px) and (max-width: 480px) 480px, (min-width: 481px) 800px, 100vw\" class=\"wp-image-70\" \/><span class=\"et_overlay et_pb_inline_icon\" data-icon=\"$\"><\/span><\/span><\/a><\/div>\n\n<div class=\"et_pb_heading_2 et_pb_heading et_pb_module et_block_module preset--module--divi-heading--e3b3089c-e99a-416c-ab36-b46abe066961\"><div class=\"et_pb_heading_container\"><h3 class=\"et_pb_module_header\">Coworking \u00e0 la journ\u00e9e<\/h3><\/div><\/div>\n\n<div class=\"et_pb_text_5 et_pb_text et_pb_bg_layout_light et_pb_module et_block_module preset--module--divi-text--e3b3089c-e99a-416c-ab36-b46abe066961\"><div class=\"et_pb_text_inner\"><p><span>Besoin d'un bureau pour une journ\u00e9e, une semaine ou de mani\u00e8re ponctuelle ? R\u00e9servez un poste de travail dans notre espace coworking sans engagement. Connexion fibre, caf\u00e9 et ambiance studieuse inclus.<\/span><\/p>\n<\/div><\/div>\n\n<div class=\"et_pb_module et_pb_button_module_wrapper et_pb_button_3_wrapper preset--module--divi-button--e3b3089c-e99a-416c-ab36-b46abe066961_wrapper\"><a class=\"et_pb_button_3 et_pb_button et_pb_bg_layout_light et_pb_module et_block_module preset--module--divi-button--e3b3089c-e99a-416c-ab36-b46abe066961\" href=\"\">En savoir plus<\/a><\/div>\n<\/div>\n<\/div>\n<\/div>\n\n<div class=\"et_pb_section_2 et_pb_section et_section_specialty et_pb_gutters3 et_block_section\"><div class=\"et_pb_row et_block_row\">\n<div class=\"et_pb_column_6 et_pb_column et_pb_column_single et_pb_column_1_3 et_block_column et_pb_css_mix_blend_mode_passthrough\">\n<div class=\"et_pb_text_6 et_pb_text et_pb_bg_layout_light et_pb_module et_block_module preset--module--divi-text--e3b3089c-e99a-416c-ab36-b46abe066961\"><div class=\"et_pb_text_inner\"><h2 style=\"text-align: left;\"><span style=\"color: #fec602;\">Pourquoi<span style=\"color: #173F71;\"> choisir La Locomotive ?<\/span><br \/>\n<\/span><\/h2>\n<\/div><\/div>\n\n<div class=\"et_pb_text_7 et_pb_text et_pb_bg_layout_light et_pb_module et_block_module preset--module--divi-text--e3b3089c-e99a-416c-ab36-b46abe066961\"><div class=\"et_pb_text_inner\"><p><span>La Locomotive est n\u00e9 de l'envie simple d'offrir aux actifs du Morbihan rural un espace professionnel \u00e0 proximit\u00e9 \u2014 sans sacrifier la qualit\u00e9.<\/span><\/p>\n<p>Que vous soyez consultant ind\u00e9pendant, salari\u00e9 en t\u00e9l\u00e9travail, porteur de projet ou dirigeant de TPE, vous trouverez ici un environnement qui vous ressemble : humain, efficace et \u00e0 taille humaine.<\/p>\n<\/div><\/div>\n<\/div>\n\n<div class=\"et_pb_column_7 et_pb_column et_pb_specialty_column et_pb_column_2_3 et-last-child et_block_column et_pb_css_mix_blend_mode_passthrough\">\n<div class=\"et_pb_row_inner_0 et_pb_row_inner et_block_row\">\n<div class=\"et_pb_column_inner_0 et_pb_column_inner et_pb_column et_pb_column_4_4 et-last-child et_block_column et_pb_css_mix_blend_mode_passthrough\">\n<div class=\"et_pb_text_8 et_pb_text et_pb_bg_layout_light et_pb_module et_block_module preset--module--divi-text--e3b3089c-e99a-416c-ab36-b46abe066961\"><div class=\"et_pb_text_inner\"><p>\u00c0 20 minutes de Vannes, facilement accessible depuis Malestroit, Muzillac et Questembert, La Locomotive est le point de ralliement des professionnels du Morbihan centre.<\/p>\n<\/div><\/div>\n<\/div>\n<\/div>\n\n<div class=\"et_pb_row_inner_1 et_pb_row_inner et_pb_equal_columns et_pb_gutters1 et_block_row\">\n<div class=\"et_pb_column_inner_1 et_pb_column_inner et_pb_column et_pb_column_2_9 et_block_column et_pb_css_mix_blend_mode_passthrough\">\n<div class=\"et_pb_number_counter_0 et_pb_number_counter et_pb_bg_layout_light et_pb_text_align_left et_pb_with_title et_clickable et_pb_module et_block_module preset--module--divi-number-counter--e3b3089c-e99a-416c-ab36-b46abe066961\"><div class=\"percent\"><p><span class=\"percent-value\"><\/span><span class=\"percent-sign\"><\/span><\/p><\/div><h3 class=\"title\">Places en coworking<\/h3><\/div>\n<\/div>\n\n<div class=\"et_pb_column_inner_2 et_pb_column_inner et_pb_column et_pb_column_2_9 et_block_column et_pb_css_mix_blend_mode_passthrough\">\n<div class=\"et_pb_number_counter_1 et_pb_number_counter et_pb_bg_layout_light et_pb_text_align_left et_pb_with_title et_clickable et_pb_module et_block_module preset--module--divi-number-counter--e3b3089c-e99a-416c-ab36-b46abe066961\"><div class=\"percent\"><p><span class=\"percent-value\"><\/span><span class=\"percent-sign\"><\/span><\/p><\/div><h3 class=\"title\">bureaux ind\u00e9pendants et individuels<\/h3><\/div>\n<\/div>\n\n<div class=\"et_pb_column_inner_3 et_pb_column_inner et_pb_column et_pb_column_2_9 et-last-child et_block_column et_pb_css_mix_blend_mode_passthrough\">\n<div class=\"et_pb_number_counter_2 et_pb_number_counter et_pb_bg_layout_light et_pb_text_align_left et_pb_with_title et_clickable et_pb_module et_block_module preset--module--divi-number-counter--e3b3089c-e99a-416c-ab36-b46abe066961\"><div class=\"percent\"><p><span class=\"percent-value\"><\/span><span class=\"percent-sign\"><\/span><\/p><\/div><h3 class=\"title\">Salle de r\u00e9union<\/h3><\/div>\n<\/div>\n<\/div>\n<\/div>\n<\/div><\/div>\n\n<div class=\"et_pb_section_3 et_pb_section et_section_regular et_block_section\">\n<div class=\"et_pb_row_3 et_pb_row et_pb_gutters1 et_block_row\">\n<div class=\"et_pb_column_8 et_pb_column et_pb_column_4_4 et-last-child et_block_column et_pb_css_mix_blend_mode_passthrough preset--module--divi-column--09c39b1b-cf1e-46ea-8dec-4bd38eaeee3d\">\n<div class=\"et_pb_heading_3 et_pb_heading et_pb_module et_block_module preset--module--divi-heading--e3b3089c-e99a-416c-ab36-b46abe066961\"><div class=\"et_pb_heading_container\"><\/div><\/div>\n\n<div class=\"et_pb_text_9 et_pb_text et_pb_bg_layout_light et_pb_module et_block_module preset--module--divi-text--e3b3089c-e99a-416c-ab36-b46abe066961\"><div class=\"et_pb_text_inner\"><p style=\"text-align: center;\">Envie de venir jeter un \u0153il avant de vous lancer ? <span style=\"color: #fec102;\"><strong>Contactez-nous<\/strong><\/span> pour une visite.<br \/>Votre prochain bureau n'est peut-\u00eatre qu'\u00e0 quelques kilom\u00e8tres.<\/p>\n<\/div><\/div>\n\n<div class=\"et_pb_module et_pb_button_module_wrapper et_pb_button_4_wrapper preset--module--divi-button--e3b3089c-e99a-416c-ab36-b46abe066961_wrapper\"><a class=\"et_pb_button_4 et_pb_button et_pb_bg_layout_light et_pb_module et_block_module preset--module--divi-button--e3b3089c-e99a-416c-ab36-b46abe066961\" href=\"\">Nous contacter<\/a><\/div>\n<\/div>\n<\/div>\n<\/div>\n\n<div class=\"et_pb_section_4 et_pb_section et_section_regular et_block_section\">\n<div class=\"et_pb_row_4 et_pb_row et_block_row\">\n<div class=\"et_pb_column_9 et_pb_column et_pb_column_4_4 et-last-child et_block_column et_pb_css_mix_blend_mode_passthrough\">\n<div class=\"et_pb_text_10 et_pb_text et_pb_bg_layout_light et_pb_module et_block_module preset--module--divi-text--e3b3089c-e99a-416c-ab36-b46abe066961\"><div class=\"et_pb_text_inner\"><h1><strong>Ce que l'on dit<\/strong><\/h1>\n<h2>de la locomotive<\/h2>\n<\/div><\/div>\n\n<div class=\"et_pb_slider_0 et_pb_slider et_pb_slider_fullwidth_off et_pb_slider_no_pagination et_pb_module et_block_module preset--module--divi-slider--e3b3089c-e99a-416c-ab36-b46abe066961\"><div class=\"et_pb_slides\">\n<div class=\"et_pb_slide_0 et_pb_slide et_pb_media_alignment_center et_pb_bg_layout_dark et_pb_text_align_center preset--module--divi-slide--e3b3089c-e99a-416c-ab36-b46abe066961\" data-slide-id=\"divi\/slide-0\"><div class=\"et_pb_container\"><div class=\"et_pb_slider_container_inner\"><div class=\"et_pb_slide_description\"><h2 class=\"et_pb_slide_title\">Un coworking de qualit\u00e9 ! Si vous cherchez un endroit o\u00f9 travailler tout en profitant d\u2019une ambiance conviviale vous \u00eates au bon endroit ! J\u2019ai beaucoup de plaisir \u00e0 me rendre au travail chaque jour. Merci \u00e0 Morgane et toute l\u2019\u00e9quipe pour leur accueil \u2600\ufe0f<\/h2><div class=\"et_pb_slide_content\"><p>Marina<\/p>\n<\/div><\/div><\/div><\/div><\/div>\n\n<div class=\"et_pb_slide_1 et_pb_slide et_pb_media_alignment_center et_pb_bg_layout_dark et_pb_text_align_center preset--module--divi-slide--e3b3089c-e99a-416c-ab36-b46abe066961\" data-slide-id=\"divi\/slide-1\"><div class=\"et_pb_container\"><div class=\"et_pb_slider_container_inner\"><div class=\"et_pb_slide_description\"><h2 class=\"et_pb_slide_title\">Je suis au coworking de la Locomotive depuis plusieurs mois maintenant dans un bureau privatif. Les locaux sont tops et l'ambiance est tr\u00e8s conviviale. Un lieu de partage et d'\u00e9changes qui fait du bien lorsqu'on est auto-entrepreneur ou en t\u00e9l\u00e9travail. Les locaux sont dot\u00e9s de tout ce dont on a besoin.... wifi ou internet en filaire, caf\u00e9\/th\u00e9 \u00e0 volont\u00e9, cuisine ouverte avec coin repas, etc... La g\u00e9rante et son \u00e9quipe sont g\u00e9niaux. Je recommande.<\/h2><div class=\"et_pb_slide_content\"><p>Kristell<\/p>\n<\/div><\/div><\/div><\/div><\/div>\n\n<div class=\"et_pb_slide_2 et_pb_slide et_pb_media_alignment_center et_pb_bg_layout_dark et_pb_text_align_center preset--module--divi-slide--e3b3089c-e99a-416c-ab36-b46abe066961\" data-slide-id=\"divi\/slide-2\"><div class=\"et_pb_container\"><div class=\"et_pb_slider_container_inner\"><div class=\"et_pb_slide_description\"><h2 class=\"et_pb_slide_title\">Lieu agr\u00e9able et sympathique. On s'y sent bien<\/h2><div class=\"et_pb_slide_content\"><p>Audrey<\/p>\n<\/div><\/div><\/div><\/div><\/div>\n<\/div><\/div>\n<\/div>\n<\/div>\n<\/div>","protected":false},"excerpt":{"rendered":"","protected":false},"author":1,"featured_media":0,"parent":0,"menu_order":0,"comment_status":"closed","ping_status":"closed","template":"","meta":{"footnotes":""},"class_list":["post-19","page","type-page","status-publish","hentry"],"_links":{"self":[{"href":"https:\/\/locomotivecoworking.fr\/index.php\/wp-json\/wp\/v2\/pages\/19","targetHints":{"allow":["GET"]}}],"collection":[{"href":"https:\/\/locomotivecoworking.fr\/index.php\/wp-json\/wp\/v2\/pages"}],"about":[{"href":"https:\/\/locomotivecoworking.fr\/index.php\/wp-json\/wp\/v2\/types\/page"}],"author":[{"embeddable":true,"href":"https:\/\/locomotivecoworking.fr\/index.php\/wp-json\/wp\/v2\/users\/1"}],"replies":[{"embeddable":true,"href":"https:\/\/locomotivecoworking.fr\/index.php\/wp-json\/wp\/v2\/comments?post=19"}],"version-history":[{"count":7,"href":"https:\/\/locomotivecoworking.fr\/index.php\/wp-json\/wp\/v2\/pages\/19\/revisions"}],"predecessor-version":[{"id":82,"href":"https:\/\/locomotivecoworking.fr\/index.php\/wp-json\/wp\/v2\/pages\/19\/revisions\/82"}],"wp:attachment":[{"href":"https:\/\/locomotivecoworking.fr\/index.php\/wp-json\/wp\/v2\/media?parent=19"}],"curies":[{"name":"wp","href":"https:\/\/api.w.org\/{rel}","templated":true}]}}